{"id":180,"date":"2025-11-11T12:50:11","date_gmt":"2025-11-11T11:50:11","guid":{"rendered":"https:\/\/auto-planet.ch\/?page_id=180"},"modified":"2025-11-22T14:05:50","modified_gmt":"2025-11-22T13:05:50","slug":"elementor-page-180","status":"publish","type":"page","link":"https:\/\/auto-planet.ch\/?page_id=180","title":{"rendered":"Impressum"},"content":{"rendered":"\t\t<div data-elementor-type=\"wp-page\" data-elementor-id=\"180\" class=\"elementor elementor-180\" data-elementor-post-type=\"page\">\n\t\t\t\t<div class=\"elementor-element elementor-element-68c5fdbd e-con-full e-flex e-con e-parent\" data-id=\"68c5fdbd\" data-element_type=\"container\" data-e-type=\"container\" data-settings=\"{&quot;background_background&quot;:&quot;classic&quot;}\">\n\t\t<div class=\"elementor-element elementor-element-7419b4ed e-con-full e-flex e-con e-child\" data-id=\"7419b4ed\" data-element_type=\"container\" data-e-type=\"container\">\n\t\t\t\t<div class=\"elementor-element elementor-element-226c298e elementor-widget-tablet__width-inherit elementor-widget elementor-widget-heading\" data-id=\"226c298e\" data-element_type=\"widget\" data-e-type=\"widget\" data-widget_type=\"heading.default\">\n\t\t\t\t\t<h2 class=\"elementor-heading-title elementor-size-default\">Impressum<\/h2>\t\t\t\t<\/div>\n\t\t\t\t<div class=\"elementor-element elementor-element-4422756d elementor-widget elementor-widget-heading\" data-id=\"4422756d\" data-element_type=\"widget\" data-e-type=\"widget\" data-widget_type=\"heading.default\">\n\t\t\t\t\t<h3 class=\"elementor-heading-title elementor-size-default\">Verantwortlich f\u00fcr den Inhalt<\/h3>\t\t\t\t<\/div>\n\t\t<div class=\"elementor-element elementor-element-4bc8397f e-con-full e-flex e-con e-child\" data-id=\"4bc8397f\" data-element_type=\"container\" data-e-type=\"container\">\n\t\t\t\t<div class=\"elementor-element elementor-element-84a2a56 elementor-tablet-align-center elementor-icon-list--layout-traditional elementor-list-item-link-full_width elementor-widget elementor-widget-icon-list\" data-id=\"84a2a56\" data-element_type=\"widget\" data-e-type=\"widget\" data-widget_type=\"icon-list.default\">\n\t\t\t\t\t\t\t<ul class=\"elementor-icon-list-items\">\n\t\t\t\t\t\t\t<li class=\"elementor-icon-list-item\">\n\t\t\t\t\t\t\t\t\t\t<span class=\"elementor-icon-list-text\"><b>Impressum:<\/b> <br>Auto Planet GmbH<br> Setziweg 1 <br>8500 Frauenfeld<br><br> UID: CHE-246.811.607<br><br>E-Mail: info@auto-planet.ch<br>Telefon: +41 76 532 48 84<\/span>\n\t\t\t\t\t\t\t\t\t<\/li>\n\t\t\t\t\t\t<\/ul>\n\t\t\t\t\t\t<\/div>\n\t\t\t\t<\/div>\n\t\t<div class=\"elementor-element elementor-element-38e22550 e-con-full e-flex e-con e-child\" data-id=\"38e22550\" data-element_type=\"container\" data-e-type=\"container\">\n\t\t\t\t<div class=\"elementor-element elementor-element-a8a7e55 elementor-widget elementor-widget-text-editor\" data-id=\"a8a7e55\" data-element_type=\"widget\" data-e-type=\"widget\" data-widget_type=\"text-editor.default\">\n\t\t\t\t\t\t\t\t\t<p><strong>Disclaimer:\u00a0<br \/><\/strong>Alle Texte und Links wurden sorgf\u00e4ltig gepr\u00fcft und werden laufend aktualisiert. Wir sind bem\u00fcht, richtige und vollst\u00e4ndige Informationen auf dieser Website bereitzustellen, \u00fcbernehmen aber keinerlei Verantwortung, Garantien oder Haftung daf\u00fcr, dass die durch diese Website bereitgestellten Informationen, richtig, vollst\u00e4ndig oder aktuell sind. Wir behalten uns das Recht vor, jederzeit und ohne Vorank\u00fcndigung die Informationen auf dieser Website zu \u00e4ndern und verpflichten uns auch nicht, die enthaltenen Informationen zu aktualisieren. Alle Links zu externen Anbietern wurden zum Zeitpunkt ihrer Aufnahme auf ihre Richtigkeit \u00fcberpr\u00fcft, dennoch haften wir nicht f\u00fcr Inhalte und Verf\u00fcgbarkeit von Websites, die mittels Hyperlinks zu erreichen sind. F\u00fcr illegale, fehlerhafte oder unvollst\u00e4ndige Inhalte und insbesondere f\u00fcr Sch\u00e4den, die durch Inhalte verkn\u00fcpfter Seiten entstehen, haftet allein der Anbieter der Seite, auf welche verwiesen wurde. Dabei ist es gleichg\u00fcltig, ob der Schaden direkter, indirekter oder finanzieller Natur ist oder ein sonstiger Schaden vorliegt, der sich aus Datenverlust, Nutzungsausfall oder anderen Gr\u00fcnden aller Art ergeben k\u00f6nnte.<\/p>\t\t\t\t\t\t\t\t<\/div>\n\t\t\t\t<\/div>\n\t\t\t\t<\/div>\n\t\t<div class=\"elementor-element elementor-element-3590ea63 e-con-full e-flex e-con e-child\" data-id=\"3590ea63\" data-element_type=\"container\" data-e-type=\"container\" data-settings=\"{&quot;background_background&quot;:&quot;classic&quot;}\">\n\t\t<div class=\"elementor-element elementor-element-ab7c849 e-grid e-con-full e-con e-child\" data-id=\"ab7c849\" data-element_type=\"container\" data-e-type=\"container\">\n\t\t\t\t<div class=\"elementor-element elementor-element-07e2a0d elementor-widget elementor-widget-heading\" data-id=\"07e2a0d\" data-element_type=\"widget\" data-e-type=\"widget\" data-widget_type=\"heading.default\">\n\t\t\t\t\t<h2 class=\"elementor-heading-title elementor-size-default\">Datenschutzerkl\u00e4rung<\/h2>\t\t\t\t<\/div>\n\t\t\t\t<div class=\"elementor-element elementor-element-012c08f elementor-widget elementor-widget-text-editor\" data-id=\"012c08f\" data-element_type=\"widget\" data-e-type=\"widget\" data-widget_type=\"text-editor.default\">\n\t\t\t\t\t\t\t\t\t<p><strong data-start=\"345\" data-end=\"371\">1. Allgemeine Hinweise<\/strong><br data-start=\"371\" data-end=\"374\" \/>Der Schutz Ihrer pers\u00f6nlichen Daten ist uns ein wichtiges Anliegen. Diese Datenschutzerkl\u00e4rung informiert Sie dar\u00fcber, welche personenbezogenen Daten wir erheben, wie wir sie verwenden und welche Rechte Sie haben.<br data-start=\"587\" data-end=\"590\" \/>Die Erhebung und Verarbeitung personenbezogener Daten erfolgt im Einklang mit dem Schweizer Datenschutzgesetz (DSG) sowie \u2013 sofern anwendbar \u2013 der EU-Datenschutz-Grundverordnung (DSGVO).<\/p><p data-start=\"1329\" data-end=\"1390\"><strong data-start=\"1329\" data-end=\"1356\">2. Verwendung der Daten<\/strong><br data-start=\"1356\" data-end=\"1359\" \/>Wir verwenden Ihre Daten, um:<\/p><p data-start=\"1393\" data-end=\"1423\">&#8211; Ihre Anfragen zu bearbeiten,<br \/>&#8211; unsere Dienstleistungen bereitzustellen und zu verbessern,<br \/>&#8211; mit Ihnen zu kommunizieren,<br \/>&#8211; gesetzliche Verpflichtungen zu erf\u00fcllen.<\/p><p data-start=\"1565\" data-end=\"1690\">Eine Weitergabe Ihrer Daten erfolgt nur, wenn dies zur Vertragserf\u00fcllung notwendig ist oder eine gesetzliche Pflicht besteht.<\/p><p><strong data-start=\"1697\" data-end=\"1724\">3. Cookies und Tracking<\/strong><br data-start=\"1724\" data-end=\"1727\" \/>Unsere Website kann Cookies oder \u00e4hnliche Technologien verwenden, um die Benutzerfreundlichkeit zu verbessern und die Nutzung der Seite zu analysieren.<br data-start=\"1878\" data-end=\"1881\" \/>Sie k\u00f6nnen Cookies in Ihrem Browser jederzeit deaktivieren, was jedoch die Funktionalit\u00e4t der Website einschr\u00e4nken kann.<\/p><p><strong data-start=\"2008\" data-end=\"2080\">4. Nutzung von Google-Diensten (z. B. Google Maps, Google Analytics)<\/strong><br data-start=\"2080\" data-end=\"2083\" \/>Wenn auf unserer Website Dienste von Google verwendet werden, k\u00f6nnen Daten wie IP-Adresse oder Nutzungsverhalten an Google-Server in den USA \u00fcbertragen werden.<br data-start=\"2242\" data-end=\"2245\" \/>Google verpflichtet sich zur Einhaltung angemessener Datenschutzstandards. Weitere Informationen finden Sie in der Datenschutzerkl\u00e4rung von Google unter: <a class=\"decorated-link\" href=\"https:\/\/policies.google.com\/privacy\" target=\"_new\" rel=\"noopener\" data-start=\"2399\" data-end=\"2473\">https:\/\/policies.google.com\/privacy<\/a><\/p><p><strong data-start=\"2480\" data-end=\"2513\">5. Speicherung und Sicherheit<\/strong><br data-start=\"2513\" data-end=\"2516\" \/>Wir speichern personenbezogene Daten nur so lange, wie dies f\u00fcr den jeweiligen Zweck erforderlich ist oder gesetzliche Aufbewahrungsfristen bestehen.<br data-start=\"2665\" data-end=\"2668\" \/>Wir treffen angemessene technische und organisatorische Sicherheitsmassnahmen, um Ihre Daten vor unbefugtem Zugriff, Verlust oder Missbrauch zu sch\u00fctzen.<\/p><p data-start=\"3172\" data-end=\"3351\"><strong data-start=\"3172\" data-end=\"3217\">6. \u00c4nderungen dieser Datenschutzerkl\u00e4rung<\/strong><br data-start=\"3217\" data-end=\"3220\" \/>Wir behalten uns vor, diese Datenschutzerkl\u00e4rung jederzeit anzupassen. Die aktuelle Version ist stets auf unserer Website abrufbar.<\/p>\t\t\t\t\t\t\t\t<\/div>\n\t\t\t\t<\/div>\n\t\t\t\t<\/div>\n\t\t\t\t<\/div>\n\t\t\t\t<\/div>\n\t\t","protected":false},"excerpt":{"rendered":"<p>Impressum Verantwortlich f\u00fcr den Inhalt Impressum: Auto Planet GmbH Setziweg 1 8500 Frauenfeld UID: CHE-246.811.607 E-Mail: info@auto-planet.chTelefon: +41 76 532 48 84 Disclaimer:\u00a0Alle Texte und Links wurden sorgf\u00e4ltig gepr\u00fcft und werden laufend aktualisiert. Wir sind bem\u00fcht, richtige und vollst\u00e4ndige Informationen auf dieser Website bereitzustellen, \u00fcbernehmen aber keinerlei Verantwortung, Garantien oder Haftung daf\u00fcr, dass die durch [&hellip;]<\/p>\n","protected":false},"author":1,"featured_media":0,"parent":0,"menu_order":0,"comment_status":"closed","ping_status":"closed","template":"elementor_header_footer","meta":{"footnotes":""},"class_list":["post-180","page","type-page","status-publish","hentry"],"_links":{"self":[{"href":"https:\/\/auto-planet.ch\/index.php?rest_route=\/wp\/v2\/pages\/180","targetHints":{"allow":["GET"]}}],"collection":[{"href":"https:\/\/auto-planet.ch\/index.php?rest_route=\/wp\/v2\/pages"}],"about":[{"href":"https:\/\/auto-planet.ch\/index.php?rest_route=\/wp\/v2\/types\/page"}],"author":[{"embeddable":true,"href":"https:\/\/auto-planet.ch\/index.php?rest_route=\/wp\/v2\/users\/1"}],"replies":[{"embeddable":true,"href":"https:\/\/auto-planet.ch\/index.php?rest_route=%2Fwp%2Fv2%2Fcomments&post=180"}],"version-history":[{"count":74,"href":"https:\/\/auto-planet.ch\/index.php?rest_route=\/wp\/v2\/pages\/180\/revisions"}],"predecessor-version":[{"id":366,"href":"https:\/\/auto-planet.ch\/index.php?rest_route=\/wp\/v2\/pages\/180\/revisions\/366"}],"wp:attachment":[{"href":"https:\/\/auto-planet.ch\/index.php?rest_route=%2Fwp%2Fv2%2Fmedia&parent=180"}],"curies":[{"name":"wp","href":"https:\/\/api.w.org\/{rel}","templated":true}]}}